{"id":1717,"date":"2026-02-17T17:26:19","date_gmt":"2026-02-17T17:26:19","guid":{"rendered":"https:\/\/lyceeinternationalmontessori.com\/?page_id=1717"},"modified":"2026-02-24T14:46:22","modified_gmt":"2026-02-24T14:46:22","slug":"credits-et-propriete-intellectuelle","status":"publish","type":"page","link":"https:\/\/lyceeinternationalmontessori.com\/en\/credits-et-propriete-intellectuelle\/","title":{"rendered":"Credits and intellectual property"},"content":{"rendered":"<div data-elementor-type=\"wp-page\" data-elementor-id=\"1717\" class=\"elementor elementor-1717\" data-elementor-post-type=\"page\">\n\t\t\t\t<div class=\"elementor-element elementor-element-d5225ba e-flex e-con-boxed e-con e-parent\" data-id=\"d5225ba\" data-element_type=\"container\" data-e-type=\"container\">\n\t\t\t\t\t<div class=\"e-con-inner\">\n\t\t\t\t<div class=\"elementor-element elementor-element-aa8fd91 elementor-widget elementor-widget-heading\" data-id=\"aa8fd91\" data-element_type=\"widget\" data-e-type=\"widget\" data-widget_type=\"heading.default\">\n\t\t\t\t\t<h2 class=\"elementor-heading-title elementor-size-default\">CREDITS &amp; INTELLECTUAL PROPERTY<\/h2>\t\t\t\t<\/div>\n\t\t\t\t<div class=\"elementor-element elementor-element-61e772d elementor-widget elementor-widget-text-editor\" data-id=\"61e772d\" data-element_type=\"widget\" data-e-type=\"widget\" data-widget_type=\"text-editor.default\">\n\t\t\t\t\t\t\t\t\t<h2 data-start=\"130\" data-end=\"151\">1. Site editor<\/h2><p data-start=\"153\" data-end=\"176\">The site is published by:<\/p><p data-start=\"178\" data-end=\"305\"><strong data-start=\"178\" data-end=\"188\">Athena<\/strong><br data-start=\"188\" data-end=\"191\" \/>Public limited company with a share capital of \u20ac2,000<br data-start=\"216\" data-end=\"219\" \/>RCS Versailles \u2013 749 813 440<br data-start=\"247\" data-end=\"250\" \/>Head Office: 29 Rue de Noisy, 78870 Bailly \u2013 France<\/p><p data-start=\"307\" data-end=\"401\">President: Mrs Sylvie d\u2019Esclaibes<br data-start=\"345\" data-end=\"348\" \/>Email <a class=\"decorated-link cursor-pointer\" rel=\"noopener\" data-start=\"356\" data-end=\"399\">admissions@lyceeinternationalmontessori.com<\/a><\/p><hr data-start=\"403\" data-end=\"406\" \/><h2 data-start=\"408\" data-end=\"439\">2. Design and implementation<\/h2><p data-start=\"441\" data-end=\"528\">Design and development of the website:<br data-start=\"476\" data-end=\"479\" \/>ATHENA \u2013 Ath\u00e9na International Montessori School<\/p><p data-start=\"530\" data-end=\"560\">Site developed on WordPress.<\/p><hr data-start=\"562\" data-end=\"565\" \/><h2 data-start=\"567\" data-end=\"584\">3. Accommodation<\/h2><p data-start=\"586\" data-end=\"612\">Accommodation provided by:<\/p><p data-start=\"614\" data-end=\"722\">Hostinger International Ltd.<br data-start=\"642\" data-end=\"645\" \/>61 Lordou Vironos Street<br data-start=\"669\" data-end=\"672\" \/>6023 Larnaca \u2013 Cyprus<br data-start=\"693\" data-end=\"696\" \/><a class=\"decorated-link\" href=\"https:\/\/www.hostinger.fr\" target=\"_new\" rel=\"noopener\" data-start=\"696\" data-end=\"720\">https:\/\/www.hostinger.fr<\/a><\/p><p data-start=\"724\" data-end=\"781\">The data is hosted within the European Union.<\/p><hr data-start=\"783\" data-end=\"786\" \/><h2 data-start=\"788\" data-end=\"818\">4. Intellectual property<\/h2><p data-start=\"820\" data-end=\"1095\">The entirety of the elements present on the site (texts, educational content, images, photographs, graphics, logos, videos, downloadable documents, structure, design, source code, database) is protected by the provisions of the Intellectual Property Code.<\/p><p data-start=\"1097\" data-end=\"1183\">These items are the exclusive property of ATHENA, unless otherwise stated.<\/p><p data-start=\"1185\" data-end=\"1366\">Any reproduction, representation, dissemination, modification, adaptation, retransmission or publication, even partial, is strictly prohibited without prior written consent.<\/p><p data-start=\"1368\" data-end=\"1448\">Any unauthorised use may result in legal proceedings.<\/p><hr data-start=\"1450\" data-end=\"1453\" \/><h2 data-start=\"1455\" data-end=\"1484\">5. Photo credits<\/h2><p data-start=\"1486\" data-end=\"1542\">The photographs and visuals present on the site are:<\/p><ul data-start=\"1544\" data-end=\"1726\"><li data-start=\"1544\" data-end=\"1593\"><p data-start=\"1546\" data-end=\"1593\">is the exclusive property of the establishment,<\/p><\/li><li data-start=\"1594\" data-end=\"1659\"><p data-start=\"1596\" data-end=\"1659\">so be carried out under signed parental consent,<\/p><\/li><li data-start=\"1660\" data-end=\"1726\"><p data-start=\"1662\" data-end=\"1726\">from royalty-free or licensed stock image banks.<\/p><\/li><\/ul><p data-start=\"1728\" data-end=\"1801\">Any reproduction or extraction of images without authorisation is prohibited.<\/p><hr data-start=\"1803\" data-end=\"1806\" \/><h2 data-start=\"1808\" data-end=\"1830\">6. Brands and logos<\/h2><p data-start=\"1832\" data-end=\"1950\">The names \u00ab\u00c9cole Internationale Montessori Ath\u00e9na\u00bb and \u00abATHENA\u00bb and their associated logos are protected.<\/p><p data-start=\"1952\" data-end=\"2010\">Any unauthorised use constitutes an infringement.<\/p>\t\t\t\t\t\t\t\t<\/div>\n\t\t\t\t\t<\/div>\n\t\t\t\t<\/div>\n\t\t\t\t<\/div>","protected":false},"excerpt":{"rendered":"<p>CR\u00c9DITS &amp; PROPRI\u00c9T\u00c9 INTELLECTUELLE 1. \u00c9diteur du site Le site est \u00e9dit\u00e9 par : ATHENASAS au capital de 2 000 \u20acRCS Versailles \u2013 749 813 440Si\u00e8ge social : 29 Rue de Noisy, 78870 Bailly \u2013 France Pr\u00e9sidente : Madame Sylvie d\u2019EsclaibesEmail : admissions@lyceeinternationalmontessori.com 2. Conception et r\u00e9alisation Conception et r\u00e9alisation du site :ATHENA \u2013 \u00c9cole [&hellip;]<\/p>\n","protected":false},"author":1,"featured_media":0,"parent":0,"menu_order":0,"comment_status":"closed","ping_status":"closed","template":"elementor_header_footer","meta":{"footnotes":""},"class_list":["post-1717","page","type-page","status-publish","hentry"],"_links":{"self":[{"href":"https:\/\/lyceeinternationalmontessori.com\/en\/wp-json\/wp\/v2\/pages\/1717","targetHints":{"allow":["GET"]}}],"collection":[{"href":"https:\/\/lyceeinternationalmontessori.com\/en\/wp-json\/wp\/v2\/pages"}],"about":[{"href":"https:\/\/lyceeinternationalmontessori.com\/en\/wp-json\/wp\/v2\/types\/page"}],"author":[{"embeddable":true,"href":"https:\/\/lyceeinternationalmontessori.com\/en\/wp-json\/wp\/v2\/users\/1"}],"replies":[{"embeddable":true,"href":"https:\/\/lyceeinternationalmontessori.com\/en\/wp-json\/wp\/v2\/comments?post=1717"}],"version-history":[{"count":4,"href":"https:\/\/lyceeinternationalmontessori.com\/en\/wp-json\/wp\/v2\/pages\/1717\/revisions"}],"predecessor-version":[{"id":1721,"href":"https:\/\/lyceeinternationalmontessori.com\/en\/wp-json\/wp\/v2\/pages\/1717\/revisions\/1721"}],"wp:attachment":[{"href":"https:\/\/lyceeinternationalmontessori.com\/en\/wp-json\/wp\/v2\/media?parent=1717"}],"curies":[{"name":"wp","href":"https:\/\/api.w.org\/{rel}","templated":true}]}}